{"id":3696,"date":"2017-04-18T14:08:49","date_gmt":"2017-04-18T12:08:49","guid":{"rendered":"http:\/\/www.immerdrauf-online.de\/?page_id=3696"},"modified":"2021-03-20T12:26:42","modified_gmt":"2021-03-20T10:26:42","slug":"forst-lausitz","status":"publish","type":"page","link":"https:\/\/www.immerdrauf-online.de\/?page_id=3696","title":{"rendered":"Forst Lausitz"},"content":{"rendered":"<p>Ich bin immer auf der Suche nach ungew\u00f6hnlichen Ansichten und Motiven meiner Heimatstadt.<\/p>\n<p>&nbsp;<\/p>\n<p><a href=\"https:\/\/www.immerdrauf-online.de\/wp-content\/uploads\/2019\/03\/DSC06572-lr-2000.jpg\"><img loading=\"lazy\" decoding=\"async\" class=\"aligncenter wp-image-4062 size-full\" src=\"https:\/\/www.immerdrauf-online.de\/wp-content\/uploads\/2019\/03\/DSC06572-lr-2000.jpg\" alt=\"\" width=\"2000\" height=\"1333\" srcset=\"https:\/\/www.immerdrauf-online.de\/wp-content\/uploads\/2019\/03\/DSC06572-lr-2000.jpg 2000w, https:\/\/www.immerdrauf-online.de\/wp-content\/uploads\/2019\/03\/DSC06572-lr-2000-300x200.jpg 300w, https:\/\/www.immerdrauf-online.de\/wp-content\/uploads\/2019\/03\/DSC06572-lr-2000-768x512.jpg 768w, https:\/\/www.immerdrauf-online.de\/wp-content\/uploads\/2019\/03\/DSC06572-lr-2000-1500x1000.jpg 1500w, https:\/\/www.immerdrauf-online.de\/wp-content\/uploads\/2019\/03\/DSC06572-lr-2000-904x603.jpg 904w\" sizes=\"auto, (max-width: 2000px) 100vw, 2000px\" \/><\/a><\/p>\n<p>&nbsp;<\/p>\n<p>&nbsp;<\/p>\n<p><a href=\"https:\/\/www.immerdrauf-online.de\/wp-content\/uploads\/2019\/03\/DSC06580-lr-2000.jpg\"><img loading=\"lazy\" decoding=\"async\" class=\"aligncenter wp-image-4063 size-full\" src=\"https:\/\/www.immerdrauf-online.de\/wp-content\/uploads\/2019\/03\/DSC06580-lr-2000.jpg\" alt=\"\" width=\"2000\" height=\"1333\" srcset=\"https:\/\/www.immerdrauf-online.de\/wp-content\/uploads\/2019\/03\/DSC06580-lr-2000.jpg 2000w, https:\/\/www.immerdrauf-online.de\/wp-content\/uploads\/2019\/03\/DSC06580-lr-2000-300x200.jpg 300w, https:\/\/www.immerdrauf-online.de\/wp-content\/uploads\/2019\/03\/DSC06580-lr-2000-768x512.jpg 768w, https:\/\/www.immerdrauf-online.de\/wp-content\/uploads\/2019\/03\/DSC06580-lr-2000-1500x1000.jpg 1500w, https:\/\/www.immerdrauf-online.de\/wp-content\/uploads\/2019\/03\/DSC06580-lr-2000-904x603.jpg 904w\" sizes=\"auto, (max-width: 2000px) 100vw, 2000px\" \/><\/a><\/p>\n<p>&nbsp;<\/p>\n<p>&nbsp;<\/p>\n<p style=\"text-align: center;\"><a href=\"https:\/\/www.immerdrauf-online.de\/wp-content\/uploads\/2017\/04\/DSC06078-LR-2-1500.jpg\"><img loading=\"lazy\" decoding=\"async\" class=\"alignleft size-full wp-image-3697\" src=\"https:\/\/www.immerdrauf-online.de\/wp-content\/uploads\/2017\/04\/DSC06078-LR-2-1500.jpg\" alt=\"\" width=\"1500\" height=\"1000\" srcset=\"https:\/\/www.immerdrauf-online.de\/wp-content\/uploads\/2017\/04\/DSC06078-LR-2-1500.jpg 1500w, https:\/\/www.immerdrauf-online.de\/wp-content\/uploads\/2017\/04\/DSC06078-LR-2-1500-300x200.jpg 300w, https:\/\/www.immerdrauf-online.de\/wp-content\/uploads\/2017\/04\/DSC06078-LR-2-1500-768x512.jpg 768w, https:\/\/www.immerdrauf-online.de\/wp-content\/uploads\/2017\/04\/DSC06078-LR-2-1500-904x603.jpg 904w\" sizes=\"auto, (max-width: 1500px) 100vw, 1500px\" \/><\/a><br \/>\nCottbuser Stra\u00dfe, St. Nikolai<br \/>\n<span style=\"color: #ffffff;\">.<\/span><br \/>\n<span style=\"color: #ffffff;\">.<\/span><\/p>\n<p style=\"text-align: center;\"><a href=\"https:\/\/www.immerdrauf-online.de\/wp-content\/uploads\/2017\/04\/DSC06071-LRps-1500.jpg\"><img loading=\"lazy\" decoding=\"async\" class=\"wp-image-3698 aligncenter\" src=\"https:\/\/www.immerdrauf-online.de\/wp-content\/uploads\/2017\/04\/DSC06071-LRps-1500.jpg\" alt=\"\" width=\"400\" height=\"600\" srcset=\"https:\/\/www.immerdrauf-online.de\/wp-content\/uploads\/2017\/04\/DSC06071-LRps-1500.jpg 1000w, https:\/\/www.immerdrauf-online.de\/wp-content\/uploads\/2017\/04\/DSC06071-LRps-1500-200x300.jpg 200w, https:\/\/www.immerdrauf-online.de\/wp-content\/uploads\/2017\/04\/DSC06071-LRps-1500-768x1152.jpg 768w, https:\/\/www.immerdrauf-online.de\/wp-content\/uploads\/2017\/04\/DSC06071-LRps-1500-683x1024.jpg 683w, https:\/\/www.immerdrauf-online.de\/wp-content\/uploads\/2017\/04\/DSC06071-LRps-1500-603x904.jpg 603w\" sizes=\"auto, (max-width: 400px) 100vw, 400px\" \/><\/a>Cottbuser Stra\u00dfe, St. Nikolai<br \/>\n<span style=\"color: #ffffff;\">.<\/span><br \/>\n<span style=\"color: #ffffff;\">.<\/span><br \/>\n<a href=\"https:\/\/www.immerdrauf-online.de\/wp-content\/uploads\/2017\/04\/DSC06116-LR-1500.jpg\"><img loading=\"lazy\" decoding=\"async\" class=\"size-full wp-image-3701 alignleft\" src=\"https:\/\/www.immerdrauf-online.de\/wp-content\/uploads\/2017\/04\/DSC06116-LR-1500.jpg\" alt=\"\" width=\"1500\" height=\"1000\" srcset=\"https:\/\/www.immerdrauf-online.de\/wp-content\/uploads\/2017\/04\/DSC06116-LR-1500.jpg 1500w, https:\/\/www.immerdrauf-online.de\/wp-content\/uploads\/2017\/04\/DSC06116-LR-1500-300x200.jpg 300w, https:\/\/www.immerdrauf-online.de\/wp-content\/uploads\/2017\/04\/DSC06116-LR-1500-768x512.jpg 768w, https:\/\/www.immerdrauf-online.de\/wp-content\/uploads\/2017\/04\/DSC06116-LR-1500-904x603.jpg 904w\" sizes=\"auto, (max-width: 1500px) 100vw, 1500px\" \/><\/a><br \/>\nAlte Villa Ecke R\u00fcdiger-Sorauer Stra\u00dfe<br \/>\n<span style=\"color: #ffffff;\">.<\/span><br \/>\n<span style=\"color: #ffffff;\">.<\/span><br \/>\n<a href=\"https:\/\/www.immerdrauf-online.de\/wp-content\/uploads\/2017\/04\/DSC06130-LR-1500.jpg\"><img loading=\"lazy\" decoding=\"async\" class=\"alignleft size-full wp-image-3702\" src=\"https:\/\/www.immerdrauf-online.de\/wp-content\/uploads\/2017\/04\/DSC06130-LR-1500.jpg\" alt=\"\" width=\"1500\" height=\"1000\" srcset=\"https:\/\/www.immerdrauf-online.de\/wp-content\/uploads\/2017\/04\/DSC06130-LR-1500.jpg 1500w, https:\/\/www.immerdrauf-online.de\/wp-content\/uploads\/2017\/04\/DSC06130-LR-1500-300x200.jpg 300w, https:\/\/www.immerdrauf-online.de\/wp-content\/uploads\/2017\/04\/DSC06130-LR-1500-768x512.jpg 768w, https:\/\/www.immerdrauf-online.de\/wp-content\/uploads\/2017\/04\/DSC06130-LR-1500-904x603.jpg 904w\" sizes=\"auto, (max-width: 1500px) 100vw, 1500px\" \/><\/a><br \/>\nBrandenburgisches Textilmuseum Sorauer Stra\u00dfe<br \/>\n<span style=\"color: #ffffff;\">.<\/span><br \/>\n<span style=\"color: #ffffff;\">.<\/span><br \/>\n<a href=\"https:\/\/www.immerdrauf-online.de\/wp-content\/uploads\/2017\/04\/DSC06144-LR-1500.jpg\"><img loading=\"lazy\" decoding=\"async\" class=\"alignleft size-full wp-image-3703\" src=\"https:\/\/www.immerdrauf-online.de\/wp-content\/uploads\/2017\/04\/DSC06144-LR-1500.jpg\" alt=\"\" width=\"1500\" height=\"1000\" srcset=\"https:\/\/www.immerdrauf-online.de\/wp-content\/uploads\/2017\/04\/DSC06144-LR-1500.jpg 1500w, https:\/\/www.immerdrauf-online.de\/wp-content\/uploads\/2017\/04\/DSC06144-LR-1500-300x200.jpg 300w, https:\/\/www.immerdrauf-online.de\/wp-content\/uploads\/2017\/04\/DSC06144-LR-1500-768x512.jpg 768w, https:\/\/www.immerdrauf-online.de\/wp-content\/uploads\/2017\/04\/DSC06144-LR-1500-904x603.jpg 904w\" sizes=\"auto, (max-width: 1500px) 100vw, 1500px\" \/><\/a><br \/>\nWasserturm<br \/>\n<span style=\"color: #ffffff;\">.<\/span><br \/>\n<span style=\"color: #ffffff;\">.<\/span><br \/>\n<a href=\"https:\/\/www.immerdrauf-online.de\/wp-content\/uploads\/2017\/04\/DSC06165-LR-2-1500.jpg\"><img loading=\"lazy\" decoding=\"async\" class=\"alignleft size-full wp-image-3704\" src=\"https:\/\/www.immerdrauf-online.de\/wp-content\/uploads\/2017\/04\/DSC06165-LR-2-1500.jpg\" alt=\"\" width=\"1500\" height=\"1000\" srcset=\"https:\/\/www.immerdrauf-online.de\/wp-content\/uploads\/2017\/04\/DSC06165-LR-2-1500.jpg 1500w, https:\/\/www.immerdrauf-online.de\/wp-content\/uploads\/2017\/04\/DSC06165-LR-2-1500-300x200.jpg 300w, https:\/\/www.immerdrauf-online.de\/wp-content\/uploads\/2017\/04\/DSC06165-LR-2-1500-768x512.jpg 768w, https:\/\/www.immerdrauf-online.de\/wp-content\/uploads\/2017\/04\/DSC06165-LR-2-1500-904x603.jpg 904w\" sizes=\"auto, (max-width: 1500px) 100vw, 1500px\" \/><\/a><br \/>\nSchlagballspieler vor dem Stadion am Wasserturm<br \/>\n<span style=\"color: #ffffff;\">.<\/span><br \/>\n<span style=\"color: #ffffff;\">.<\/span><br \/>\n<a href=\"https:\/\/www.immerdrauf-online.de\/wp-content\/uploads\/2017\/04\/DSC05413-LR-1500.jpg\"><img loading=\"lazy\" decoding=\"async\" class=\"alignleft size-full wp-image-3705\" src=\"https:\/\/www.immerdrauf-online.de\/wp-content\/uploads\/2017\/04\/DSC05413-LR-1500.jpg\" alt=\"\" width=\"1500\" height=\"1000\" srcset=\"https:\/\/www.immerdrauf-online.de\/wp-content\/uploads\/2017\/04\/DSC05413-LR-1500.jpg 1500w, https:\/\/www.immerdrauf-online.de\/wp-content\/uploads\/2017\/04\/DSC05413-LR-1500-300x200.jpg 300w, https:\/\/www.immerdrauf-online.de\/wp-content\/uploads\/2017\/04\/DSC05413-LR-1500-768x512.jpg 768w, https:\/\/www.immerdrauf-online.de\/wp-content\/uploads\/2017\/04\/DSC05413-LR-1500-904x603.jpg 904w\" sizes=\"auto, (max-width: 1500px) 100vw, 1500px\" \/><\/a><br \/>\nAm Kegeldamm<br \/>\n<span style=\"color: #ffffff;\">.<\/span><br \/>\n<span style=\"color: #ffffff;\">.<\/span><br \/>\n<a href=\"https:\/\/www.immerdrauf-online.de\/wp-content\/uploads\/2017\/04\/DSC05882-LR-1500.jpg\"><img loading=\"lazy\" decoding=\"async\" class=\"alignleft size-full wp-image-3706\" src=\"https:\/\/www.immerdrauf-online.de\/wp-content\/uploads\/2017\/04\/DSC05882-LR-1500.jpg\" alt=\"\" width=\"1500\" height=\"1000\" srcset=\"https:\/\/www.immerdrauf-online.de\/wp-content\/uploads\/2017\/04\/DSC05882-LR-1500.jpg 1500w, https:\/\/www.immerdrauf-online.de\/wp-content\/uploads\/2017\/04\/DSC05882-LR-1500-300x200.jpg 300w, https:\/\/www.immerdrauf-online.de\/wp-content\/uploads\/2017\/04\/DSC05882-LR-1500-768x512.jpg 768w, https:\/\/www.immerdrauf-online.de\/wp-content\/uploads\/2017\/04\/DSC05882-LR-1500-904x603.jpg 904w\" sizes=\"auto, (max-width: 1500px) 100vw, 1500px\" \/><\/a><br \/>\nEisenbahnbr\u00fccke \u00fcber der Nei\u00dfe<br \/>\n<span style=\"color: #ffffff;\">.<\/span><br \/>\n<span style=\"color: #ffffff;\">.<\/span><br \/>\n<a href=\"https:\/\/www.immerdrauf-online.de\/wp-content\/uploads\/2017\/04\/DSC05887-LR-1500.jpg\"><img loading=\"lazy\" decoding=\"async\" class=\"alignleft size-full wp-image-3707\" src=\"https:\/\/www.immerdrauf-online.de\/wp-content\/uploads\/2017\/04\/DSC05887-LR-1500.jpg\" alt=\"\" width=\"1500\" height=\"1000\" srcset=\"https:\/\/www.immerdrauf-online.de\/wp-content\/uploads\/2017\/04\/DSC05887-LR-1500.jpg 1500w, https:\/\/www.immerdrauf-online.de\/wp-content\/uploads\/2017\/04\/DSC05887-LR-1500-300x200.jpg 300w, https:\/\/www.immerdrauf-online.de\/wp-content\/uploads\/2017\/04\/DSC05887-LR-1500-768x512.jpg 768w, https:\/\/www.immerdrauf-online.de\/wp-content\/uploads\/2017\/04\/DSC05887-LR-1500-904x603.jpg 904w\" sizes=\"auto, (max-width: 1500px) 100vw, 1500px\" \/><\/a><br \/>\nEisenbahnbr\u00fccke \u00fcber der Nei\u00dfe<br \/>\n<span style=\"color: #ffffff;\">.<\/span><br \/>\n<span style=\"color: #ffffff;\">.<\/span><br \/>\n<a href=\"https:\/\/www.immerdrauf-online.de\/wp-content\/uploads\/2017\/04\/DSC05889-LR-1500.jpg\"><img loading=\"lazy\" decoding=\"async\" class=\"alignleft size-full wp-image-3708\" src=\"https:\/\/www.immerdrauf-online.de\/wp-content\/uploads\/2017\/04\/DSC05889-LR-1500.jpg\" alt=\"\" width=\"1500\" height=\"1000\" srcset=\"https:\/\/www.immerdrauf-online.de\/wp-content\/uploads\/2017\/04\/DSC05889-LR-1500.jpg 1500w, https:\/\/www.immerdrauf-online.de\/wp-content\/uploads\/2017\/04\/DSC05889-LR-1500-300x200.jpg 300w, https:\/\/www.immerdrauf-online.de\/wp-content\/uploads\/2017\/04\/DSC05889-LR-1500-768x512.jpg 768w, https:\/\/www.immerdrauf-online.de\/wp-content\/uploads\/2017\/04\/DSC05889-LR-1500-904x603.jpg 904w\" sizes=\"auto, (max-width: 1500px) 100vw, 1500px\" \/><\/a><br \/>\nEisenbahnbr\u00fccke \u00fcber der Nei\u00dfe<br \/>\n<span style=\"color: #ffffff;\">.<\/span><br \/>\n<span style=\"color: #ffffff;\">.<\/span><br \/>\n<a href=\"https:\/\/www.immerdrauf-online.de\/wp-content\/uploads\/2017\/04\/DSC05892-LR-1500.jpg\"><img loading=\"lazy\" decoding=\"async\" class=\"alignleft size-full wp-image-3709\" src=\"https:\/\/www.immerdrauf-online.de\/wp-content\/uploads\/2017\/04\/DSC05892-LR-1500.jpg\" alt=\"\" width=\"1500\" height=\"1000\" srcset=\"https:\/\/www.immerdrauf-online.de\/wp-content\/uploads\/2017\/04\/DSC05892-LR-1500.jpg 1500w, https:\/\/www.immerdrauf-online.de\/wp-content\/uploads\/2017\/04\/DSC05892-LR-1500-300x200.jpg 300w, https:\/\/www.immerdrauf-online.de\/wp-content\/uploads\/2017\/04\/DSC05892-LR-1500-768x512.jpg 768w, https:\/\/www.immerdrauf-online.de\/wp-content\/uploads\/2017\/04\/DSC05892-LR-1500-904x603.jpg 904w\" sizes=\"auto, (max-width: 1500px) 100vw, 1500px\" \/><\/a><br \/>\nEisenbahnbr\u00fccke \u00fcber der Nei\u00dfe<br \/>\n<span style=\"color: #ffffff;\">.<\/span><br \/>\n<span style=\"color: #ffffff;\">.<\/span><br \/>\n<a href=\"https:\/\/www.immerdrauf-online.de\/wp-content\/uploads\/2017\/04\/DSC05396-LR-1500.jpg\"><img loading=\"lazy\" decoding=\"async\" class=\"alignleft size-full wp-image-3710\" src=\"https:\/\/www.immerdrauf-online.de\/wp-content\/uploads\/2017\/04\/DSC05396-LR-1500.jpg\" alt=\"\" width=\"1500\" height=\"1000\" srcset=\"https:\/\/www.immerdrauf-online.de\/wp-content\/uploads\/2017\/04\/DSC05396-LR-1500.jpg 1500w, https:\/\/www.immerdrauf-online.de\/wp-content\/uploads\/2017\/04\/DSC05396-LR-1500-300x200.jpg 300w, https:\/\/www.immerdrauf-online.de\/wp-content\/uploads\/2017\/04\/DSC05396-LR-1500-768x512.jpg 768w, https:\/\/www.immerdrauf-online.de\/wp-content\/uploads\/2017\/04\/DSC05396-LR-1500-904x603.jpg 904w\" sizes=\"auto, (max-width: 1500px) 100vw, 1500px\" \/><\/a><br \/>\nCottbuser Stra\u00dfe,\u00a0Weihnachtsbeleuchtung<br \/>\n<span style=\"color: #ffffff;\">.<\/span><br \/>\n<span style=\"color: #ffffff;\">.<\/span><\/p>\n<p style=\"text-align: center;\"><a href=\"#top\">Zum Seitenanfang<\/a><\/p>\n","protected":false},"excerpt":{"rendered":"<p>Ich bin immer auf der Suche nach ungew\u00f6hnlichen Ansichten und Motiven meiner Heimatstadt. &nbsp; &nbsp; &nbsp; &nbsp; &nbsp; Cottbuser Stra\u00dfe, St. Nikolai . . Cottbuser Stra\u00dfe, St. Nikolai . .&hellip; <\/p>\n","protected":false},"author":1,"featured_media":0,"parent":0,"menu_order":0,"comment_status":"closed","ping_status":"closed","template":"","meta":{"footnotes":""},"class_list":["post-3696","page","type-page","status-publish","hentry"],"_links":{"self":[{"href":"https:\/\/www.immerdrauf-online.de\/index.php?rest_route=\/wp\/v2\/pages\/3696","targetHints":{"allow":["GET"]}}],"collection":[{"href":"https:\/\/www.immerdrauf-online.de\/index.php?rest_route=\/wp\/v2\/pages"}],"about":[{"href":"https:\/\/www.immerdrauf-online.de\/index.php?rest_route=\/wp\/v2\/types\/page"}],"author":[{"embeddable":true,"href":"https:\/\/www.immerdrauf-online.de\/index.php?rest_route=\/wp\/v2\/users\/1"}],"replies":[{"embeddable":true,"href":"https:\/\/www.immerdrauf-online.de\/index.php?rest_route=%2Fwp%2Fv2%2Fcomments&post=3696"}],"version-history":[{"count":9,"href":"https:\/\/www.immerdrauf-online.de\/index.php?rest_route=\/wp\/v2\/pages\/3696\/revisions"}],"predecessor-version":[{"id":4264,"href":"https:\/\/www.immerdrauf-online.de\/index.php?rest_route=\/wp\/v2\/pages\/3696\/revisions\/4264"}],"wp:attachment":[{"href":"https:\/\/www.immerdrauf-online.de\/index.php?rest_route=%2Fwp%2Fv2%2Fmedia&parent=3696"}],"curies":[{"name":"wp","href":"https:\/\/api.w.org\/{rel}","templated":true}]}}