{"id":3330,"date":"2016-10-16T01:47:25","date_gmt":"2016-10-15T23:47:25","guid":{"rendered":"http:\/\/www.immerdrauf-online.de\/?page_id=3330"},"modified":"2026-03-25T22:19:17","modified_gmt":"2026-03-25T20:19:17","slug":"jana-marcel","status":"publish","type":"page","link":"https:\/\/www.immerdrauf-online.de\/?page_id=3330","title":{"rendered":"Jana &#038; Marcel"},"content":{"rendered":"<p style=\"text-align: justify;\">Schloss Schleinitz, Lommatsch, Auterwitz wo liegt das blo\u00df? Als ich h\u00f6rte, wo die Trauung und die anschlie\u00dfende Feier stattfinden sollte, musste ich erst mal in Google Maps recherchieren, wo das \u00fcberhaupt ist. Diese Orte, liegen irgendwo hinter der sch\u00f6nen Stadt Mei\u00dfen und das Schloss Schleinitz ist ein echtes Juwel unter den Standes\u00e4mtern, wie ich herausfand.\u00a0Als Fotograf war ich \u00e4u\u00dferst dankbar f\u00fcr die tolle Kulisse, bei dem Shooting um das Schloss Schleinitz herum. Sp\u00e4ter ging es dann in die Partyscheune im Dorf Auterwitz, einem alten Gutshof. Der Empfang mit roten Teppich, Stretchlimousine, Gl\u00fcckwunschluftballons und den tollen G\u00e4sten, war wirklich Hollywoodreif. Das Wetter war genauso wie die Laune des Brautpaares, einfach sonnig und wir haben gro\u00dfartige Fotos gemacht und eine super Feier bis in die Morgenstunden gehabt. Es war mir eine Ehre, diese traumhafte Hochzeit als Fotograf begleiten zu d\u00fcrfen.<\/p>\n<style type=\"text\/css\">\n#foogallery-gallery-4364.fg-justified .fg-item { margin-right: 2px; margin-bottom: 2px; }\n#foogallery-gallery-4364.fg-justified .fg-image { height: 200px; }<\/style>\n\t\t\t<div class=\"foogallery foogallery-container foogallery-justified foogallery-lightbox-foogallery fg-justified fg-ready fg-dark fg-shadow-outline fg-loading-default fg-loaded-fade-in fg-caption-always fg-hover-fade fg-hover-zoom2\" id=\"foogallery-gallery-4364\" data-foogallery=\"{&quot;item&quot;:{&quot;showCaptionTitle&quot;:true,&quot;showCaptionDescription&quot;:false},&quot;lazy&quot;:true,&quot;template&quot;:{&quot;rowHeight&quot;:200,&quot;maxRowHeight&quot;:300,&quot;margins&quot;:2,&quot;align&quot;:&quot;center&quot;,&quot;lastRow&quot;:&quot;smart&quot;}}\" data-foogallery-lightbox=\"{&quot;thumbs&quot;:&quot;bottom&quot;,&quot;thumbsCaptions&quot;:false,&quot;thumbsBestFit&quot;:false,&quot;thumbsSmall&quot;:false,&quot;thumbsCaptionsAlign&quot;:&quot;default&quot;,&quot;info&quot;:&quot;bottom&quot;,&quot;infoVisible&quot;:true,&quot;infoOverlay&quot;:true,&quot;infoAlign&quot;:&quot;default&quot;,&quot;transition&quot;:&quot;fade&quot;,&quot;hoverButtons&quot;:false,&quot;fitMedia&quot;:false,&quot;noScrollbars&quot;:true,&quot;preserveButtonSpace&quot;:true,&quot;buttons&quot;:{&quot;fullscreen&quot;:true,&quot;info&quot;:true,&quot;thumbs&quot;:false},&quot;video&quot;:{&quot;autoPlay&quot;:true}}\" style=\"--fg-title-line-clamp: 1; --fg-description-line-clamp: 2;\" >\n\t<div class=\"fg-item fg-type-image fg-idle\"><figure class=\"fg-item-inner\"><a href=\"https:\/\/www.immerdrauf-online.de\/wp-content\/uploads\/2016\/10\/A-009-009-DSC09596-lr-Ps-1300.jpg\" data-attachment-id=\"3305\" data-type=\"image\" class=\"fg-thumb\"><span class=\"fg-image-wrap\"><img fetchpriority=\"high\" decoding=\"async\" height=\"300\" width=\"443\" class=\"skip-lazy fg-image\" data-src-fg=\"https:\/\/www.immerdrauf-online.de\/wp-content\/uploads\/cache\/2016\/10\/A-009-009-DSC09596-lr-Ps-1300\/2697401489.jpg\" src=\"data:image\/svg+xml,%3Csvg%20xmlns%3D%22http%3A%2F%2Fwww.w3.org%2F2000%2Fsvg%22%20width%3D%22443%22%20height%3D%22300%22%20viewBox%3D%220%200%20443%20300%22%3E%3C%2Fsvg%3E\" loading=\"eager\"><\/span><span class=\"fg-image-overlay\"><\/span><\/a><\/figure><div class=\"fg-loader\"><\/div><\/div><div class=\"fg-item fg-type-image fg-idle\"><figure class=\"fg-item-inner\"><a href=\"https:\/\/www.immerdrauf-online.de\/wp-content\/uploads\/2016\/10\/B-003-B-002-DSC09648-lr-1300.jpg\" data-attachment-id=\"3306\" data-type=\"image\" class=\"fg-thumb\"><span class=\"fg-image-wrap\"><img decoding=\"async\" height=\"300\" width=\"450\" class=\"skip-lazy fg-image\" data-src-fg=\"https:\/\/www.immerdrauf-online.de\/wp-content\/uploads\/cache\/2016\/10\/B-003-B-002-DSC09648-lr-1300\/3785832175.jpg\" src=\"data:image\/svg+xml,%3Csvg%20xmlns%3D%22http%3A%2F%2Fwww.w3.org%2F2000%2Fsvg%22%20width%3D%22450%22%20height%3D%22300%22%20viewBox%3D%220%200%20450%20300%22%3E%3C%2Fsvg%3E\" loading=\"eager\"><\/span><span class=\"fg-image-overlay\"><\/span><\/a><\/figure><div class=\"fg-loader\"><\/div><\/div><div class=\"fg-item fg-type-image fg-idle\"><figure class=\"fg-item-inner\"><a href=\"https:\/\/www.immerdrauf-online.de\/wp-content\/uploads\/2016\/10\/B-005-B-004-DSC09657-lr-Ps-1300.jpg\" data-attachment-id=\"3307\" data-type=\"image\" class=\"fg-thumb\"><span class=\"fg-image-wrap\"><img decoding=\"async\" height=\"300\" width=\"469\" class=\"skip-lazy fg-image\" data-src-fg=\"https:\/\/www.immerdrauf-online.de\/wp-content\/uploads\/cache\/2016\/10\/B-005-B-004-DSC09657-lr-Ps-1300\/1576188289.jpg\" src=\"data:image\/svg+xml,%3Csvg%20xmlns%3D%22http%3A%2F%2Fwww.w3.org%2F2000%2Fsvg%22%20width%3D%22469%22%20height%3D%22300%22%20viewBox%3D%220%200%20469%20300%22%3E%3C%2Fsvg%3E\" loading=\"eager\"><\/span><span class=\"fg-image-overlay\"><\/span><\/a><\/figure><div class=\"fg-loader\"><\/div><\/div><div class=\"fg-item fg-type-image fg-idle\"><figure class=\"fg-item-inner\"><a href=\"https:\/\/www.immerdrauf-online.de\/wp-content\/uploads\/2016\/10\/B-014-B-014-DSC09685-lr-sw-2-1300.jpg\" data-attachment-id=\"3308\" data-type=\"image\" class=\"fg-thumb\"><span class=\"fg-image-wrap\"><img decoding=\"async\" height=\"300\" width=\"450\" class=\"skip-lazy fg-image\" data-src-fg=\"https:\/\/www.immerdrauf-online.de\/wp-content\/uploads\/cache\/2016\/10\/B-014-B-014-DSC09685-lr-sw-2-1300\/1800904285.jpg\" src=\"data:image\/svg+xml,%3Csvg%20xmlns%3D%22http%3A%2F%2Fwww.w3.org%2F2000%2Fsvg%22%20width%3D%22450%22%20height%3D%22300%22%20viewBox%3D%220%200%20450%20300%22%3E%3C%2Fsvg%3E\" loading=\"eager\"><\/span><span class=\"fg-image-overlay\"><\/span><\/a><\/figure><div class=\"fg-loader\"><\/div><\/div><div class=\"fg-item fg-type-image fg-idle\"><figure class=\"fg-item-inner\"><a href=\"https:\/\/www.immerdrauf-online.de\/wp-content\/uploads\/2016\/10\/B-030-B-033-DSC09746-lr-sw-1300.jpg\" data-attachment-id=\"3309\" data-type=\"image\" class=\"fg-thumb\"><span class=\"fg-image-wrap\"><img decoding=\"async\" height=\"300\" width=\"400\" class=\"skip-lazy fg-image\" data-src-fg=\"https:\/\/www.immerdrauf-online.de\/wp-content\/uploads\/cache\/2016\/10\/B-030-B-033-DSC09746-lr-sw-1300\/3130585914.jpg\" src=\"data:image\/svg+xml,%3Csvg%20xmlns%3D%22http%3A%2F%2Fwww.w3.org%2F2000%2Fsvg%22%20width%3D%22400%22%20height%3D%22300%22%20viewBox%3D%220%200%20400%20300%22%3E%3C%2Fsvg%3E\" loading=\"eager\"><\/span><span class=\"fg-image-overlay\"><\/span><\/a><\/figure><div class=\"fg-loader\"><\/div><\/div><div class=\"fg-item fg-type-image fg-idle\"><figure class=\"fg-item-inner\"><a href=\"https:\/\/www.immerdrauf-online.de\/wp-content\/uploads\/2016\/10\/B-038-B-048-DSC09766-lr-sw-1300.jpg\" data-attachment-id=\"3310\" data-type=\"image\" class=\"fg-thumb\"><span class=\"fg-image-wrap\"><img decoding=\"async\" height=\"300\" width=\"450\" class=\"skip-lazy fg-image\" data-src-fg=\"https:\/\/www.immerdrauf-online.de\/wp-content\/uploads\/cache\/2016\/10\/B-038-B-048-DSC09766-lr-sw-1300\/4090290329.jpg\" src=\"data:image\/svg+xml,%3Csvg%20xmlns%3D%22http%3A%2F%2Fwww.w3.org%2F2000%2Fsvg%22%20width%3D%22450%22%20height%3D%22300%22%20viewBox%3D%220%200%20450%20300%22%3E%3C%2Fsvg%3E\" loading=\"eager\"><\/span><span class=\"fg-image-overlay\"><\/span><\/a><\/figure><div class=\"fg-loader\"><\/div><\/div><div class=\"fg-item fg-type-image fg-idle\"><figure class=\"fg-item-inner\"><a href=\"https:\/\/www.immerdrauf-online.de\/wp-content\/uploads\/2016\/10\/B-060-B-059-DSC09836-lr-sw-1300.jpg\" data-attachment-id=\"3311\" data-type=\"image\" class=\"fg-thumb\"><span class=\"fg-image-wrap\"><img decoding=\"async\" height=\"300\" width=\"450\" class=\"skip-lazy fg-image\" data-src-fg=\"https:\/\/www.immerdrauf-online.de\/wp-content\/uploads\/cache\/2016\/10\/B-060-B-059-DSC09836-lr-sw-1300\/1221105847.jpg\" src=\"data:image\/svg+xml,%3Csvg%20xmlns%3D%22http%3A%2F%2Fwww.w3.org%2F2000%2Fsvg%22%20width%3D%22450%22%20height%3D%22300%22%20viewBox%3D%220%200%20450%20300%22%3E%3C%2Fsvg%3E\" loading=\"eager\"><\/span><span class=\"fg-image-overlay\"><\/span><\/a><\/figure><div class=\"fg-loader\"><\/div><\/div><div class=\"fg-item fg-type-image fg-idle\"><figure class=\"fg-item-inner\"><a href=\"https:\/\/www.immerdrauf-online.de\/wp-content\/uploads\/2016\/10\/C-004-DSC09986-lr-sw-lr-1300.jpg\" data-attachment-id=\"3312\" data-type=\"image\" class=\"fg-thumb\"><span class=\"fg-image-wrap\"><img decoding=\"async\" height=\"300\" width=\"450\" class=\"skip-lazy fg-image\" data-src-fg=\"https:\/\/www.immerdrauf-online.de\/wp-content\/uploads\/cache\/2016\/10\/C-004-DSC09986-lr-sw-lr-1300\/2161597818.jpg\" src=\"data:image\/svg+xml,%3Csvg%20xmlns%3D%22http%3A%2F%2Fwww.w3.org%2F2000%2Fsvg%22%20width%3D%22450%22%20height%3D%22300%22%20viewBox%3D%220%200%20450%20300%22%3E%3C%2Fsvg%3E\" loading=\"eager\"><\/span><span class=\"fg-image-overlay\"><\/span><\/a><\/figure><div class=\"fg-loader\"><\/div><\/div><div class=\"fg-item fg-type-image fg-idle\"><figure class=\"fg-item-inner\"><a href=\"https:\/\/www.immerdrauf-online.de\/wp-content\/uploads\/2016\/10\/C-010-DSC00003-lr-sw-lr2-1300.jpg\" data-attachment-id=\"3313\" data-type=\"image\" class=\"fg-thumb\"><span class=\"fg-image-wrap\"><img decoding=\"async\" height=\"300\" width=\"450\" class=\"skip-lazy fg-image\" data-src-fg=\"https:\/\/www.immerdrauf-online.de\/wp-content\/uploads\/cache\/2016\/10\/C-010-DSC00003-lr-sw-lr2-1300\/200426117.jpg\" src=\"data:image\/svg+xml,%3Csvg%20xmlns%3D%22http%3A%2F%2Fwww.w3.org%2F2000%2Fsvg%22%20width%3D%22450%22%20height%3D%22300%22%20viewBox%3D%220%200%20450%20300%22%3E%3C%2Fsvg%3E\" loading=\"eager\"><\/span><span class=\"fg-image-overlay\"><\/span><\/a><\/figure><div class=\"fg-loader\"><\/div><\/div><div class=\"fg-item fg-type-image fg-idle\"><figure class=\"fg-item-inner\"><a href=\"https:\/\/www.immerdrauf-online.de\/wp-content\/uploads\/2016\/10\/C-016-DSC00076-lr-1300.jpg\" data-attachment-id=\"3314\" data-type=\"image\" class=\"fg-thumb\"><span class=\"fg-image-wrap\"><img decoding=\"async\" height=\"300\" width=\"450\" class=\"skip-lazy fg-image\" data-src-fg=\"https:\/\/www.immerdrauf-online.de\/wp-content\/uploads\/cache\/2016\/10\/C-016-DSC00076-lr-1300\/2815144307.jpg\" src=\"data:image\/svg+xml,%3Csvg%20xmlns%3D%22http%3A%2F%2Fwww.w3.org%2F2000%2Fsvg%22%20width%3D%22450%22%20height%3D%22300%22%20viewBox%3D%220%200%20450%20300%22%3E%3C%2Fsvg%3E\" loading=\"eager\"><\/span><span class=\"fg-image-overlay\"><\/span><\/a><\/figure><div class=\"fg-loader\"><\/div><\/div><div class=\"fg-item fg-type-image fg-idle\"><figure class=\"fg-item-inner\"><a href=\"https:\/\/www.immerdrauf-online.de\/wp-content\/uploads\/2016\/10\/C-017-DSC00081-lr-lr-1300.jpg\" data-attachment-id=\"3315\" data-type=\"image\" class=\"fg-thumb\"><span class=\"fg-image-wrap\"><img decoding=\"async\" height=\"300\" width=\"450\" class=\"skip-lazy fg-image\" data-src-fg=\"https:\/\/www.immerdrauf-online.de\/wp-content\/uploads\/cache\/2016\/10\/C-017-DSC00081-lr-lr-1300\/2743445002.jpg\" src=\"data:image\/svg+xml,%3Csvg%20xmlns%3D%22http%3A%2F%2Fwww.w3.org%2F2000%2Fsvg%22%20width%3D%22450%22%20height%3D%22300%22%20viewBox%3D%220%200%20450%20300%22%3E%3C%2Fsvg%3E\" loading=\"eager\"><\/span><span class=\"fg-image-overlay\"><\/span><\/a><\/figure><div class=\"fg-loader\"><\/div><\/div><div class=\"fg-item fg-type-image fg-idle\"><figure class=\"fg-item-inner\"><a href=\"https:\/\/www.immerdrauf-online.de\/wp-content\/uploads\/2016\/10\/C-022-DSC00119-lr-sw-lr-lr4-1300.jpg\" data-attachment-id=\"3316\" data-type=\"image\" class=\"fg-thumb\"><span class=\"fg-image-wrap\"><img decoding=\"async\" height=\"300\" width=\"408\" class=\"skip-lazy fg-image\" data-src-fg=\"https:\/\/www.immerdrauf-online.de\/wp-content\/uploads\/cache\/2016\/10\/C-022-DSC00119-lr-sw-lr-lr4-1300\/105380713.jpg\" src=\"data:image\/svg+xml,%3Csvg%20xmlns%3D%22http%3A%2F%2Fwww.w3.org%2F2000%2Fsvg%22%20width%3D%22408%22%20height%3D%22300%22%20viewBox%3D%220%200%20408%20300%22%3E%3C%2Fsvg%3E\" loading=\"eager\"><\/span><span class=\"fg-image-overlay\"><\/span><\/a><\/figure><div class=\"fg-loader\"><\/div><\/div><div class=\"fg-item fg-type-image fg-idle\"><figure class=\"fg-item-inner\"><a href=\"https:\/\/www.immerdrauf-online.de\/wp-content\/uploads\/2016\/10\/C-023-DSC00144-lr-1300.jpg\" data-attachment-id=\"3317\" data-type=\"image\" class=\"fg-thumb\"><span class=\"fg-image-wrap\"><img decoding=\"async\" height=\"300\" width=\"450\" class=\"skip-lazy fg-image\" data-src-fg=\"https:\/\/www.immerdrauf-online.de\/wp-content\/uploads\/cache\/2016\/10\/C-023-DSC00144-lr-1300\/3675390336.jpg\" src=\"data:image\/svg+xml,%3Csvg%20xmlns%3D%22http%3A%2F%2Fwww.w3.org%2F2000%2Fsvg%22%20width%3D%22450%22%20height%3D%22300%22%20viewBox%3D%220%200%20450%20300%22%3E%3C%2Fsvg%3E\" loading=\"eager\"><\/span><span class=\"fg-image-overlay\"><\/span><\/a><\/figure><div class=\"fg-loader\"><\/div><\/div><div class=\"fg-item fg-type-image fg-idle\"><figure class=\"fg-item-inner\"><a href=\"https:\/\/www.immerdrauf-online.de\/wp-content\/uploads\/2016\/10\/C-025-DSC00132-lr-1300.jpg\" data-attachment-id=\"3318\" data-type=\"image\" class=\"fg-thumb\"><span class=\"fg-image-wrap\"><img decoding=\"async\" height=\"300\" width=\"450\" class=\"skip-lazy fg-image\" data-src-fg=\"https:\/\/www.immerdrauf-online.de\/wp-content\/uploads\/cache\/2016\/10\/C-025-DSC00132-lr-1300\/834208787.jpg\" src=\"data:image\/svg+xml,%3Csvg%20xmlns%3D%22http%3A%2F%2Fwww.w3.org%2F2000%2Fsvg%22%20width%3D%22450%22%20height%3D%22300%22%20viewBox%3D%220%200%20450%20300%22%3E%3C%2Fsvg%3E\" loading=\"eager\"><\/span><span class=\"fg-image-overlay\"><\/span><\/a><\/figure><div class=\"fg-loader\"><\/div><\/div><div class=\"fg-item fg-type-image fg-idle\"><figure class=\"fg-item-inner\"><a href=\"https:\/\/www.immerdrauf-online.de\/wp-content\/uploads\/2016\/10\/C-038-DSC00189-lr-sw-lr2-1300.jpg\" data-attachment-id=\"3319\" data-type=\"image\" class=\"fg-thumb\"><span class=\"fg-image-wrap\"><img decoding=\"async\" height=\"300\" width=\"450\" class=\"skip-lazy fg-image\" data-src-fg=\"https:\/\/www.immerdrauf-online.de\/wp-content\/uploads\/cache\/2016\/10\/C-038-DSC00189-lr-sw-lr2-1300\/3654505498.jpg\" src=\"data:image\/svg+xml,%3Csvg%20xmlns%3D%22http%3A%2F%2Fwww.w3.org%2F2000%2Fsvg%22%20width%3D%22450%22%20height%3D%22300%22%20viewBox%3D%220%200%20450%20300%22%3E%3C%2Fsvg%3E\" loading=\"eager\"><\/span><span class=\"fg-image-overlay\"><\/span><\/a><\/figure><div class=\"fg-loader\"><\/div><\/div><div class=\"fg-item fg-type-image fg-idle\"><figure class=\"fg-item-inner\"><a href=\"https:\/\/www.immerdrauf-online.de\/wp-content\/uploads\/2016\/10\/C-042-DSC00198-lr-sw-lr-2-1300.jpg\" data-attachment-id=\"3320\" data-type=\"image\" class=\"fg-thumb\"><span class=\"fg-image-wrap\"><img decoding=\"async\" height=\"300\" width=\"450\" class=\"skip-lazy fg-image\" data-src-fg=\"https:\/\/www.immerdrauf-online.de\/wp-content\/uploads\/cache\/2016\/10\/C-042-DSC00198-lr-sw-lr-2-1300\/2156132188.jpg\" src=\"data:image\/svg+xml,%3Csvg%20xmlns%3D%22http%3A%2F%2Fwww.w3.org%2F2000%2Fsvg%22%20width%3D%22450%22%20height%3D%22300%22%20viewBox%3D%220%200%20450%20300%22%3E%3C%2Fsvg%3E\" loading=\"eager\"><\/span><span class=\"fg-image-overlay\"><\/span><\/a><\/figure><div class=\"fg-loader\"><\/div><\/div><div class=\"fg-item fg-type-image fg-idle\"><figure class=\"fg-item-inner\"><a href=\"https:\/\/www.immerdrauf-online.de\/wp-content\/uploads\/2016\/10\/D-003-DSC00224-lr-lr-1300.jpg\" data-attachment-id=\"3321\" data-type=\"image\" class=\"fg-thumb\"><span class=\"fg-image-wrap\"><img decoding=\"async\" height=\"300\" width=\"450\" class=\"skip-lazy fg-image\" data-src-fg=\"https:\/\/www.immerdrauf-online.de\/wp-content\/uploads\/cache\/2016\/10\/D-003-DSC00224-lr-lr-1300\/758302591.jpg\" src=\"data:image\/svg+xml,%3Csvg%20xmlns%3D%22http%3A%2F%2Fwww.w3.org%2F2000%2Fsvg%22%20width%3D%22450%22%20height%3D%22300%22%20viewBox%3D%220%200%20450%20300%22%3E%3C%2Fsvg%3E\" loading=\"eager\"><\/span><span class=\"fg-image-overlay\"><\/span><\/a><\/figure><div class=\"fg-loader\"><\/div><\/div><div class=\"fg-item fg-type-image fg-idle\"><figure class=\"fg-item-inner\"><a href=\"https:\/\/www.immerdrauf-online.de\/wp-content\/uploads\/2016\/10\/D-007-DSC00242-lr-lr-1300.jpg\" data-attachment-id=\"3322\" data-type=\"image\" class=\"fg-thumb\"><span class=\"fg-image-wrap\"><img decoding=\"async\" height=\"300\" width=\"450\" class=\"skip-lazy fg-image\" data-src-fg=\"https:\/\/www.immerdrauf-online.de\/wp-content\/uploads\/cache\/2016\/10\/D-007-DSC00242-lr-lr-1300\/2029979216.jpg\" src=\"data:image\/svg+xml,%3Csvg%20xmlns%3D%22http%3A%2F%2Fwww.w3.org%2F2000%2Fsvg%22%20width%3D%22450%22%20height%3D%22300%22%20viewBox%3D%220%200%20450%20300%22%3E%3C%2Fsvg%3E\" loading=\"eager\"><\/span><span class=\"fg-image-overlay\"><\/span><\/a><\/figure><div class=\"fg-loader\"><\/div><\/div><div class=\"fg-item fg-type-image fg-idle\"><figure class=\"fg-item-inner\"><a href=\"https:\/\/www.immerdrauf-online.de\/wp-content\/uploads\/2016\/10\/D-013-DSC00276-lr-sw-lr-1300.jpg\" data-attachment-id=\"3323\" data-type=\"image\" class=\"fg-thumb\"><span class=\"fg-image-wrap\"><img decoding=\"async\" height=\"300\" width=\"450\" class=\"skip-lazy fg-image\" data-src-fg=\"https:\/\/www.immerdrauf-online.de\/wp-content\/uploads\/cache\/2016\/10\/D-013-DSC00276-lr-sw-lr-1300\/3638240335.jpg\" src=\"data:image\/svg+xml,%3Csvg%20xmlns%3D%22http%3A%2F%2Fwww.w3.org%2F2000%2Fsvg%22%20width%3D%22450%22%20height%3D%22300%22%20viewBox%3D%220%200%20450%20300%22%3E%3C%2Fsvg%3E\" loading=\"eager\"><\/span><span class=\"fg-image-overlay\"><\/span><\/a><\/figure><div class=\"fg-loader\"><\/div><\/div><div class=\"fg-item fg-type-image fg-idle\"><figure class=\"fg-item-inner\"><a href=\"https:\/\/www.immerdrauf-online.de\/wp-content\/uploads\/2016\/10\/D-014-DSC00278-lr-lr-1300.jpg\" data-attachment-id=\"3324\" data-type=\"image\" class=\"fg-thumb\"><span class=\"fg-image-wrap\"><img decoding=\"async\" height=\"300\" width=\"450\" class=\"skip-lazy fg-image\" data-src-fg=\"https:\/\/www.immerdrauf-online.de\/wp-content\/uploads\/cache\/2016\/10\/D-014-DSC00278-lr-lr-1300\/1582418391.jpg\" src=\"data:image\/svg+xml,%3Csvg%20xmlns%3D%22http%3A%2F%2Fwww.w3.org%2F2000%2Fsvg%22%20width%3D%22450%22%20height%3D%22300%22%20viewBox%3D%220%200%20450%20300%22%3E%3C%2Fsvg%3E\" loading=\"eager\"><\/span><span class=\"fg-image-overlay\"><\/span><\/a><\/figure><div class=\"fg-loader\"><\/div><\/div><div class=\"fg-item fg-type-image fg-idle\"><figure class=\"fg-item-inner\"><a href=\"https:\/\/www.immerdrauf-online.de\/wp-content\/uploads\/2016\/10\/D-030-DSC00522-lr-sw-lr-1300.jpg\" data-attachment-id=\"3325\" data-type=\"image\" class=\"fg-thumb\"><span class=\"fg-image-wrap\"><img decoding=\"async\" height=\"300\" width=\"450\" class=\"skip-lazy fg-image\" data-src-fg=\"https:\/\/www.immerdrauf-online.de\/wp-content\/uploads\/cache\/2016\/10\/D-030-DSC00522-lr-sw-lr-1300\/2681363760.jpg\" src=\"data:image\/svg+xml,%3Csvg%20xmlns%3D%22http%3A%2F%2Fwww.w3.org%2F2000%2Fsvg%22%20width%3D%22450%22%20height%3D%22300%22%20viewBox%3D%220%200%20450%20300%22%3E%3C%2Fsvg%3E\" loading=\"eager\"><\/span><span class=\"fg-image-overlay\"><\/span><\/a><\/figure><div class=\"fg-loader\"><\/div><\/div><div class=\"fg-item fg-type-image fg-idle\"><figure class=\"fg-item-inner\"><a href=\"https:\/\/www.immerdrauf-online.de\/wp-content\/uploads\/2016\/10\/D-035-DSC00499-lr-sw-lr-1300.jpg\" data-attachment-id=\"3326\" data-type=\"image\" class=\"fg-thumb\"><span class=\"fg-image-wrap\"><img decoding=\"async\" height=\"300\" width=\"453\" class=\"skip-lazy fg-image\" data-src-fg=\"https:\/\/www.immerdrauf-online.de\/wp-content\/uploads\/cache\/2016\/10\/D-035-DSC00499-lr-sw-lr-1300\/2104053997.jpg\" src=\"data:image\/svg+xml,%3Csvg%20xmlns%3D%22http%3A%2F%2Fwww.w3.org%2F2000%2Fsvg%22%20width%3D%22453%22%20height%3D%22300%22%20viewBox%3D%220%200%20453%20300%22%3E%3C%2Fsvg%3E\" loading=\"eager\"><\/span><span class=\"fg-image-overlay\"><\/span><\/a><\/figure><div class=\"fg-loader\"><\/div><\/div><div class=\"fg-item fg-type-image fg-idle\"><figure class=\"fg-item-inner\"><a href=\"https:\/\/www.immerdrauf-online.de\/wp-content\/uploads\/2016\/10\/D-048-DSC00543-lr-lr-1300.jpg\" data-attachment-id=\"3327\" data-type=\"image\" class=\"fg-thumb\"><span class=\"fg-image-wrap\"><img decoding=\"async\" height=\"300\" width=\"450\" class=\"skip-lazy fg-image\" data-src-fg=\"https:\/\/www.immerdrauf-online.de\/wp-content\/uploads\/cache\/2016\/10\/D-048-DSC00543-lr-lr-1300\/1193057693.jpg\" src=\"data:image\/svg+xml,%3Csvg%20xmlns%3D%22http%3A%2F%2Fwww.w3.org%2F2000%2Fsvg%22%20width%3D%22450%22%20height%3D%22300%22%20viewBox%3D%220%200%20450%20300%22%3E%3C%2Fsvg%3E\" loading=\"eager\"><\/span><span class=\"fg-image-overlay\"><\/span><\/a><\/figure><div class=\"fg-loader\"><\/div><\/div><div class=\"fg-item fg-type-image fg-idle\"><figure class=\"fg-item-inner\"><a href=\"https:\/\/www.immerdrauf-online.de\/wp-content\/uploads\/2016\/10\/D-073-DSC00235-lr-lr2-2-1300.jpg\" data-attachment-id=\"3328\" data-type=\"image\" class=\"fg-thumb\"><span class=\"fg-image-wrap\"><img decoding=\"async\" height=\"300\" width=\"381\" class=\"skip-lazy fg-image\" data-src-fg=\"https:\/\/www.immerdrauf-online.de\/wp-content\/uploads\/cache\/2016\/10\/D-073-DSC00235-lr-lr2-2-1300\/3517104138.jpg\" src=\"data:image\/svg+xml,%3Csvg%20xmlns%3D%22http%3A%2F%2Fwww.w3.org%2F2000%2Fsvg%22%20width%3D%22381%22%20height%3D%22300%22%20viewBox%3D%220%200%20381%20300%22%3E%3C%2Fsvg%3E\" loading=\"eager\"><\/span><span class=\"fg-image-overlay\"><\/span><\/a><\/figure><div class=\"fg-loader\"><\/div><\/div><div class=\"fg-item fg-type-image fg-idle\"><figure class=\"fg-item-inner\"><a href=\"https:\/\/www.immerdrauf-online.de\/wp-content\/uploads\/2016\/10\/D-103-DSC00913-lr-lr-1300.jpg\" data-attachment-id=\"3329\" data-type=\"image\" class=\"fg-thumb\"><span class=\"fg-image-wrap\"><img decoding=\"async\" height=\"300\" width=\"450\" class=\"skip-lazy fg-image\" data-src-fg=\"https:\/\/www.immerdrauf-online.de\/wp-content\/uploads\/cache\/2016\/10\/D-103-DSC00913-lr-lr-1300\/177445189.jpg\" src=\"data:image\/svg+xml,%3Csvg%20xmlns%3D%22http%3A%2F%2Fwww.w3.org%2F2000%2Fsvg%22%20width%3D%22450%22%20height%3D%22300%22%20viewBox%3D%220%200%20450%20300%22%3E%3C%2Fsvg%3E\" loading=\"eager\"><\/span><span class=\"fg-image-overlay\"><\/span><\/a><\/figure><div class=\"fg-loader\"><\/div><\/div><\/div>\n\n<p>&#8211;<\/p>\n","protected":false},"excerpt":{"rendered":"<p>Schloss Schleinitz, Lommatsch, Auterwitz wo liegt das blo\u00df? Als ich h\u00f6rte, wo die Trauung und die anschlie\u00dfende Feier stattfinden sollte, musste ich erst mal in Google Maps recherchieren, wo das&hellip; <\/p>\n","protected":false},"author":1,"featured_media":0,"parent":0,"menu_order":0,"comment_status":"closed","ping_status":"closed","template":"","meta":{"footnotes":""},"class_list":["post-3330","page","type-page","status-publish","hentry"],"_links":{"self":[{"href":"https:\/\/www.immerdrauf-online.de\/index.php?rest_route=\/wp\/v2\/pages\/3330","targetHints":{"allow":["GET"]}}],"collection":[{"href":"https:\/\/www.immerdrauf-online.de\/index.php?rest_route=\/wp\/v2\/pages"}],"about":[{"href":"https:\/\/www.immerdrauf-online.de\/index.php?rest_route=\/wp\/v2\/types\/page"}],"author":[{"embeddable":true,"href":"https:\/\/www.immerdrauf-online.de\/index.php?rest_route=\/wp\/v2\/users\/1"}],"replies":[{"embeddable":true,"href":"https:\/\/www.immerdrauf-online.de\/index.php?rest_route=%2Fwp%2Fv2%2Fcomments&post=3330"}],"version-history":[{"count":19,"href":"https:\/\/www.immerdrauf-online.de\/index.php?rest_route=\/wp\/v2\/pages\/3330\/revisions"}],"predecessor-version":[{"id":4367,"href":"https:\/\/www.immerdrauf-online.de\/index.php?rest_route=\/wp\/v2\/pages\/3330\/revisions\/4367"}],"wp:attachment":[{"href":"https:\/\/www.immerdrauf-online.de\/index.php?rest_route=%2Fwp%2Fv2%2Fmedia&parent=3330"}],"curies":[{"name":"wp","href":"https:\/\/api.w.org\/{rel}","templated":true}]}}