{"id":3187,"date":"2016-10-14T00:10:02","date_gmt":"2016-10-13T22:10:02","guid":{"rendered":"http:\/\/www.immerdrauf-online.de\/?page_id=3187"},"modified":"2021-03-20T12:27:29","modified_gmt":"2021-03-20T10:27:29","slug":"ostdeutscher-rosengarten","status":"publish","type":"page","link":"https:\/\/www.immerdrauf-online.de\/?page_id=3187","title":{"rendered":"Ostdeutscher Rosengarten Forst Lausitz"},"content":{"rendered":"<p style=\"text-align: justify;\">Der Rosengarten, ist im Sommer, w\u00e4hrend der Rosenbl\u00fcte, sehr sehenswert und immer gut besucht. Im Herbst aber, wenn das Laub sich sch\u00f6n bunt f\u00e4rbt und die einst pr\u00e4chtigen Rosen verwelken, ist es im Rosengarten sehr ruhig und an einem tr\u00fcben Herbsttag kann man regelrecht eine\u00a0melancholische Stimmung sp\u00fcren. Ich mag diese Zeit sehr und komme vor allem in dieser Jahreszeit gerne in den Rosengarten. Diese Bilder habe ich alle,\u00a0 \u00a0mit einem sehr gut erhaltenen\u00a0Helios 44-2 Objektiv (50mm f2 Baujahr 1978 made in UDSSR) gemacht. Ich mag den Look dieses alten Objektives. Eher sanftes gr\u00fcn, sehr scharf ab f4 und das unverwechselbare Heliostypische Bokeh bei Offenblende.<\/p>\n<p>&nbsp;<\/p>\n<p><a href=\"https:\/\/www.immerdrauf-online.de\/wp-content\/uploads\/2021\/03\/A7308166-lr-2000.jpg\"><img loading=\"lazy\" decoding=\"async\" class=\"aligncenter size-full wp-image-4183\" src=\"https:\/\/www.immerdrauf-online.de\/wp-content\/uploads\/2021\/03\/A7308166-lr-2000.jpg\" alt=\"\" width=\"2000\" height=\"1333\" srcset=\"https:\/\/www.immerdrauf-online.de\/wp-content\/uploads\/2021\/03\/A7308166-lr-2000.jpg 2000w, https:\/\/www.immerdrauf-online.de\/wp-content\/uploads\/2021\/03\/A7308166-lr-2000-300x200.jpg 300w, https:\/\/www.immerdrauf-online.de\/wp-content\/uploads\/2021\/03\/A7308166-lr-2000-768x512.jpg 768w, https:\/\/www.immerdrauf-online.de\/wp-content\/uploads\/2021\/03\/A7308166-lr-2000-1500x1000.jpg 1500w, https:\/\/www.immerdrauf-online.de\/wp-content\/uploads\/2021\/03\/A7308166-lr-2000-904x603.jpg 904w\" sizes=\"auto, (max-width: 2000px) 100vw, 2000px\" \/><\/a><\/p>\n<p>&nbsp;<\/p>\n<p><a href=\"https:\/\/www.immerdrauf-online.de\/wp-content\/uploads\/2021\/03\/A7308170-lr-3-2000.jpg\"><img loading=\"lazy\" decoding=\"async\" class=\"aligncenter size-full wp-image-4184\" src=\"https:\/\/www.immerdrauf-online.de\/wp-content\/uploads\/2021\/03\/A7308170-lr-3-2000.jpg\" alt=\"\" width=\"2000\" height=\"1333\" srcset=\"https:\/\/www.immerdrauf-online.de\/wp-content\/uploads\/2021\/03\/A7308170-lr-3-2000.jpg 2000w, https:\/\/www.immerdrauf-online.de\/wp-content\/uploads\/2021\/03\/A7308170-lr-3-2000-300x200.jpg 300w, https:\/\/www.immerdrauf-online.de\/wp-content\/uploads\/2021\/03\/A7308170-lr-3-2000-768x512.jpg 768w, https:\/\/www.immerdrauf-online.de\/wp-content\/uploads\/2021\/03\/A7308170-lr-3-2000-1500x1000.jpg 1500w, https:\/\/www.immerdrauf-online.de\/wp-content\/uploads\/2021\/03\/A7308170-lr-3-2000-904x603.jpg 904w\" sizes=\"auto, (max-width: 2000px) 100vw, 2000px\" \/><\/a><\/p>\n<p>&nbsp;<\/p>\n<p><a href=\"https:\/\/www.immerdrauf-online.de\/wp-content\/uploads\/2016\/10\/DSC01881-LR-1500r.jpg\"><img loading=\"lazy\" decoding=\"async\" class=\"alignnone size-full wp-image-3003\" src=\"https:\/\/www.immerdrauf-online.de\/wp-content\/uploads\/2016\/10\/DSC01881-LR-1500r.jpg\" alt=\"dsc01881-lr-1500r\" width=\"1500\" height=\"1000\" srcset=\"https:\/\/www.immerdrauf-online.de\/wp-content\/uploads\/2016\/10\/DSC01881-LR-1500r.jpg 1500w, https:\/\/www.immerdrauf-online.de\/wp-content\/uploads\/2016\/10\/DSC01881-LR-1500r-300x200.jpg 300w, https:\/\/www.immerdrauf-online.de\/wp-content\/uploads\/2016\/10\/DSC01881-LR-1500r-904x603.jpg 904w, https:\/\/www.immerdrauf-online.de\/wp-content\/uploads\/2016\/10\/DSC01881-LR-1500r-272x182.jpg 272w\" sizes=\"auto, (max-width: 1500px) 100vw, 1500px\" \/><\/a><\/p>\n<p><span style=\"color: #ffffff;\">.<\/span><br \/>\n<span style=\"color: #ffffff;\">.<\/span><\/p>\n<p><a href=\"https:\/\/www.immerdrauf-online.de\/wp-content\/uploads\/2016\/10\/DSC01862-LR-1500r.jpg\"><img loading=\"lazy\" decoding=\"async\" class=\"alignnone size-full wp-image-3002\" src=\"https:\/\/www.immerdrauf-online.de\/wp-content\/uploads\/2016\/10\/DSC01862-LR-1500r.jpg\" alt=\"dsc01862-lr-1500r\" width=\"1500\" height=\"1000\" srcset=\"https:\/\/www.immerdrauf-online.de\/wp-content\/uploads\/2016\/10\/DSC01862-LR-1500r.jpg 1500w, https:\/\/www.immerdrauf-online.de\/wp-content\/uploads\/2016\/10\/DSC01862-LR-1500r-300x200.jpg 300w, https:\/\/www.immerdrauf-online.de\/wp-content\/uploads\/2016\/10\/DSC01862-LR-1500r-904x603.jpg 904w, https:\/\/www.immerdrauf-online.de\/wp-content\/uploads\/2016\/10\/DSC01862-LR-1500r-272x182.jpg 272w\" sizes=\"auto, (max-width: 1500px) 100vw, 1500px\" \/><\/a><br \/>\nJunges M\u00e4dchen, J\u00fcrgen von Woyski\u00a01966<br \/>\n<span style=\"color: #ffffff;\">.<\/span><br \/>\n<span style=\"color: #ffffff;\">.<\/span><\/p>\n<p><a href=\"https:\/\/www.immerdrauf-online.de\/wp-content\/uploads\/2016\/10\/DSC01858-LR-1500r.jpg\"><img loading=\"lazy\" decoding=\"async\" class=\"alignnone size-full wp-image-3001\" src=\"https:\/\/www.immerdrauf-online.de\/wp-content\/uploads\/2016\/10\/DSC01858-LR-1500r.jpg\" alt=\"dsc01858-lr-1500r\" width=\"1500\" height=\"1000\" srcset=\"https:\/\/www.immerdrauf-online.de\/wp-content\/uploads\/2016\/10\/DSC01858-LR-1500r.jpg 1500w, https:\/\/www.immerdrauf-online.de\/wp-content\/uploads\/2016\/10\/DSC01858-LR-1500r-300x200.jpg 300w, https:\/\/www.immerdrauf-online.de\/wp-content\/uploads\/2016\/10\/DSC01858-LR-1500r-904x603.jpg 904w, https:\/\/www.immerdrauf-online.de\/wp-content\/uploads\/2016\/10\/DSC01858-LR-1500r-272x182.jpg 272w\" sizes=\"auto, (max-width: 1500px) 100vw, 1500px\" \/><\/a><\/p>\n<p><span style=\"color: #ffffff;\">.<\/span><br \/>\n<span style=\"color: #ffffff;\">.<\/span><\/p>\n<p><a href=\"https:\/\/www.immerdrauf-online.de\/wp-content\/uploads\/2016\/10\/DSC01912-LR-1500r.jpg\"><img loading=\"lazy\" decoding=\"async\" class=\"alignnone size-full wp-image-3004\" src=\"https:\/\/www.immerdrauf-online.de\/wp-content\/uploads\/2016\/10\/DSC01912-LR-1500r.jpg\" alt=\"dsc01912-lr-1500r\" width=\"1500\" height=\"1000\" srcset=\"https:\/\/www.immerdrauf-online.de\/wp-content\/uploads\/2016\/10\/DSC01912-LR-1500r.jpg 1500w, https:\/\/www.immerdrauf-online.de\/wp-content\/uploads\/2016\/10\/DSC01912-LR-1500r-300x200.jpg 300w, https:\/\/www.immerdrauf-online.de\/wp-content\/uploads\/2016\/10\/DSC01912-LR-1500r-904x603.jpg 904w, https:\/\/www.immerdrauf-online.de\/wp-content\/uploads\/2016\/10\/DSC01912-LR-1500r-272x182.jpg 272w\" sizes=\"auto, (max-width: 1500px) 100vw, 1500px\" \/><\/a><\/p>\n<p><span style=\"color: #ffffff;\">.<\/span><br \/>\n<span style=\"color: #ffffff;\">.<\/span><\/p>\n<p><a href=\"https:\/\/www.immerdrauf-online.de\/wp-content\/uploads\/2016\/10\/DSC01933-LR-Farbe-1000.jpg\"><img loading=\"lazy\" decoding=\"async\" class=\"alignnone size-full wp-image-3011\" src=\"https:\/\/www.immerdrauf-online.de\/wp-content\/uploads\/2016\/10\/DSC01933-LR-Farbe-1000.jpg\" alt=\"dsc01933-lr-farbe-1000\" width=\"1000\" height=\"667\" srcset=\"https:\/\/www.immerdrauf-online.de\/wp-content\/uploads\/2016\/10\/DSC01933-LR-Farbe-1000.jpg 1000w, https:\/\/www.immerdrauf-online.de\/wp-content\/uploads\/2016\/10\/DSC01933-LR-Farbe-1000-300x200.jpg 300w, https:\/\/www.immerdrauf-online.de\/wp-content\/uploads\/2016\/10\/DSC01933-LR-Farbe-1000-904x603.jpg 904w, https:\/\/www.immerdrauf-online.de\/wp-content\/uploads\/2016\/10\/DSC01933-LR-Farbe-1000-272x182.jpg 272w\" sizes=\"auto, (max-width: 1000px) 100vw, 1000px\" \/><\/a><br \/>\nFroschbrunnen von 1913 Gustav Hagedorn \/ Erwin Lemsky<br \/>\n<span style=\"color: #ffffff;\">scc.<\/span><br \/>\n<span style=\"color: #ffffff;\">.<\/span><\/p>\n<p><a href=\"https:\/\/www.immerdrauf-online.de\/wp-content\/uploads\/2016\/10\/DSC03797-LR-1500.jpg\"><img loading=\"lazy\" decoding=\"async\" class=\"alignnone size-full wp-image-3355\" src=\"https:\/\/www.immerdrauf-online.de\/wp-content\/uploads\/2016\/10\/DSC03797-LR-1500.jpg\" alt=\"dsc03797-lr-1500\" width=\"1500\" height=\"1000\" srcset=\"https:\/\/www.immerdrauf-online.de\/wp-content\/uploads\/2016\/10\/DSC03797-LR-1500.jpg 1500w, https:\/\/www.immerdrauf-online.de\/wp-content\/uploads\/2016\/10\/DSC03797-LR-1500-300x200.jpg 300w, https:\/\/www.immerdrauf-online.de\/wp-content\/uploads\/2016\/10\/DSC03797-LR-1500-904x603.jpg 904w, https:\/\/www.immerdrauf-online.de\/wp-content\/uploads\/2016\/10\/DSC03797-LR-1500-272x182.jpg 272w\" sizes=\"auto, (max-width: 1500px) 100vw, 1500px\" \/><\/a><br \/>\nB\u00e4renbrunnen, Walter Adler 1913 (restauriert 1995)<br \/>\n<span style=\"color: #ffffff;\">sadasdsa<\/span><br \/>\n<span style=\"color: #ffffff;\">.<\/span><\/p>\n<p><a href=\"https:\/\/www.immerdrauf-online.de\/wp-content\/uploads\/2016\/10\/DSC03749-LR-1500.jpg\"><img loading=\"lazy\" decoding=\"async\" class=\"alignnone size-full wp-image-3357\" src=\"https:\/\/www.immerdrauf-online.de\/wp-content\/uploads\/2016\/10\/DSC03749-LR-1500.jpg\" alt=\"dsc03749-lr-1500\" width=\"1500\" height=\"1000\" srcset=\"https:\/\/www.immerdrauf-online.de\/wp-content\/uploads\/2016\/10\/DSC03749-LR-1500.jpg 1500w, https:\/\/www.immerdrauf-online.de\/wp-content\/uploads\/2016\/10\/DSC03749-LR-1500-300x200.jpg 300w, https:\/\/www.immerdrauf-online.de\/wp-content\/uploads\/2016\/10\/DSC03749-LR-1500-904x603.jpg 904w, https:\/\/www.immerdrauf-online.de\/wp-content\/uploads\/2016\/10\/DSC03749-LR-1500-272x182.jpg 272w\" sizes=\"auto, (max-width: 1500px) 100vw, 1500px\" \/><\/a><br \/>\nTaubenpaar mit Vogeltr\u00e4nke, J\u00fcrgen von Woyski 1983 mit Blick auf die Prunkamphore im Teschendorffgarten, Walter Adler 1913 (restauriert 1996)<br \/>\n<span style=\"color: #ffffff;\">.<\/span><br \/>\n<span style=\"color: #ffffff;\">.<\/span><\/p>\n<p><a href=\"https:\/\/www.immerdrauf-online.de\/wp-content\/uploads\/2016\/10\/DSC03714-LR-1500.jpg\"><img loading=\"lazy\" decoding=\"async\" class=\"alignnone size-full wp-image-3360\" src=\"https:\/\/www.immerdrauf-online.de\/wp-content\/uploads\/2016\/10\/DSC03714-LR-1500.jpg\" alt=\"dsc03714-lr-1500\" width=\"1500\" height=\"1000\" srcset=\"https:\/\/www.immerdrauf-online.de\/wp-content\/uploads\/2016\/10\/DSC03714-LR-1500.jpg 1500w, https:\/\/www.immerdrauf-online.de\/wp-content\/uploads\/2016\/10\/DSC03714-LR-1500-300x200.jpg 300w, https:\/\/www.immerdrauf-online.de\/wp-content\/uploads\/2016\/10\/DSC03714-LR-1500-904x603.jpg 904w, https:\/\/www.immerdrauf-online.de\/wp-content\/uploads\/2016\/10\/DSC03714-LR-1500-272x182.jpg 272w\" sizes=\"auto, (max-width: 1500px) 100vw, 1500px\" \/><\/a><\/p>\n<p><span style=\"color: #ffffff;\">.<\/span><br \/>\n<span style=\"color: #ffffff;\">.<\/span><\/p>\n<p><a href=\"https:\/\/www.immerdrauf-online.de\/wp-content\/uploads\/2016\/10\/DSC03815-LR-1500.jpg\"><img loading=\"lazy\" decoding=\"async\" class=\"alignnone size-full wp-image-3352\" src=\"https:\/\/www.immerdrauf-online.de\/wp-content\/uploads\/2016\/10\/DSC03815-LR-1500.jpg\" alt=\"dsc03815-lr-1500\" width=\"1500\" height=\"1000\" srcset=\"https:\/\/www.immerdrauf-online.de\/wp-content\/uploads\/2016\/10\/DSC03815-LR-1500.jpg 1500w, https:\/\/www.immerdrauf-online.de\/wp-content\/uploads\/2016\/10\/DSC03815-LR-1500-300x200.jpg 300w, https:\/\/www.immerdrauf-online.de\/wp-content\/uploads\/2016\/10\/DSC03815-LR-1500-904x603.jpg 904w, https:\/\/www.immerdrauf-online.de\/wp-content\/uploads\/2016\/10\/DSC03815-LR-1500-272x182.jpg 272w\" sizes=\"auto, (max-width: 1500px) 100vw, 1500px\" \/><\/a><\/p>\n<p><span style=\"color: #ffffff;\">.<\/span><br \/>\n<span style=\"color: #ffffff;\">.<\/span><\/p>\n<p><a href=\"https:\/\/www.immerdrauf-online.de\/wp-content\/uploads\/2016\/10\/DSC03826-LR-1500.jpg\"><img loading=\"lazy\" decoding=\"async\" class=\"alignnone size-full wp-image-3351\" src=\"https:\/\/www.immerdrauf-online.de\/wp-content\/uploads\/2016\/10\/DSC03826-LR-1500.jpg\" alt=\"dsc03826-lr-1500\" width=\"1500\" height=\"1000\" srcset=\"https:\/\/www.immerdrauf-online.de\/wp-content\/uploads\/2016\/10\/DSC03826-LR-1500.jpg 1500w, https:\/\/www.immerdrauf-online.de\/wp-content\/uploads\/2016\/10\/DSC03826-LR-1500-300x200.jpg 300w, https:\/\/www.immerdrauf-online.de\/wp-content\/uploads\/2016\/10\/DSC03826-LR-1500-904x603.jpg 904w, https:\/\/www.immerdrauf-online.de\/wp-content\/uploads\/2016\/10\/DSC03826-LR-1500-272x182.jpg 272w\" sizes=\"auto, (max-width: 1500px) 100vw, 1500px\" \/><\/a><\/p>\n<p><span style=\"color: #ffffff;\">.<\/span><br \/>\n<span style=\"color: #ffffff;\">.<\/span><\/p>\n<p><a href=\"https:\/\/www.immerdrauf-online.de\/wp-content\/uploads\/2016\/10\/DSC03841-LR-1500.jpg\"><img loading=\"lazy\" decoding=\"async\" class=\"alignnone size-full wp-image-3349\" src=\"https:\/\/www.immerdrauf-online.de\/wp-content\/uploads\/2016\/10\/DSC03841-LR-1500.jpg\" alt=\"dsc03841-lr-1500\" width=\"1500\" height=\"1000\" srcset=\"https:\/\/www.immerdrauf-online.de\/wp-content\/uploads\/2016\/10\/DSC03841-LR-1500.jpg 1500w, https:\/\/www.immerdrauf-online.de\/wp-content\/uploads\/2016\/10\/DSC03841-LR-1500-300x200.jpg 300w, https:\/\/www.immerdrauf-online.de\/wp-content\/uploads\/2016\/10\/DSC03841-LR-1500-904x603.jpg 904w, https:\/\/www.immerdrauf-online.de\/wp-content\/uploads\/2016\/10\/DSC03841-LR-1500-272x182.jpg 272w\" sizes=\"auto, (max-width: 1500px) 100vw, 1500px\" \/><\/a><br \/>\nDeckelurne mit Festons auf einem Postament, Walter Adler 1913 (restauriert\u00a01999\/2000)<br \/>\n<span style=\"color: #ffffff;\">dfwfw.<\/span><br \/>\n<span style=\"color: #ffffff;\">.<\/span><\/p>\n<p><a href=\"https:\/\/www.immerdrauf-online.de\/wp-content\/uploads\/2016\/10\/DSC03861-LR-1500.jpg\"><img loading=\"lazy\" decoding=\"async\" class=\"alignnone size-full wp-image-3348\" src=\"https:\/\/www.immerdrauf-online.de\/wp-content\/uploads\/2016\/10\/DSC03861-LR-1500.jpg\" alt=\"dsc03861-lr-1500\" width=\"1500\" height=\"1000\" srcset=\"https:\/\/www.immerdrauf-online.de\/wp-content\/uploads\/2016\/10\/DSC03861-LR-1500.jpg 1500w, https:\/\/www.immerdrauf-online.de\/wp-content\/uploads\/2016\/10\/DSC03861-LR-1500-300x200.jpg 300w, https:\/\/www.immerdrauf-online.de\/wp-content\/uploads\/2016\/10\/DSC03861-LR-1500-904x603.jpg 904w, https:\/\/www.immerdrauf-online.de\/wp-content\/uploads\/2016\/10\/DSC03861-LR-1500-272x182.jpg 272w\" sizes=\"auto, (max-width: 1500px) 100vw, 1500px\" \/><\/a><br \/>\nDurstige L\u00f6wen, Wilhelm Peest 1913 (restauriert 2013)<br \/>\n<span style=\"color: #ffffff;\">dacassafsafsa l\u00f6we.<\/span><br \/>\n<span style=\"color: #ffffff;\">.<\/span><\/p>\n<p><span style=\"color: #ffffff;\">.<\/span><\/p>\n<p><a href=\"https:\/\/www.immerdrauf-online.de\/wp-content\/uploads\/2016\/10\/DSC03932-LR-1500.jpg\"><img loading=\"lazy\" decoding=\"async\" class=\"alignnone size-full wp-image-3343\" src=\"https:\/\/www.immerdrauf-online.de\/wp-content\/uploads\/2016\/10\/DSC03932-LR-1500.jpg\" alt=\"dsc03932-lr-1500\" width=\"1500\" height=\"1000\" srcset=\"https:\/\/www.immerdrauf-online.de\/wp-content\/uploads\/2016\/10\/DSC03932-LR-1500.jpg 1500w, https:\/\/www.immerdrauf-online.de\/wp-content\/uploads\/2016\/10\/DSC03932-LR-1500-300x200.jpg 300w, https:\/\/www.immerdrauf-online.de\/wp-content\/uploads\/2016\/10\/DSC03932-LR-1500-904x603.jpg 904w, https:\/\/www.immerdrauf-online.de\/wp-content\/uploads\/2016\/10\/DSC03932-LR-1500-272x182.jpg 272w\" sizes=\"auto, (max-width: 1500px) 100vw, 1500px\" \/><\/a><\/p>\n<p><span style=\"color: #ffffff;\">.<\/span><br \/>\n<span style=\"color: #ffffff;\">.<\/span><\/p>\n<p><a href=\"https:\/\/www.immerdrauf-online.de\/wp-content\/uploads\/2016\/10\/DSC03927-LR-1500.jpg\"><img loading=\"lazy\" decoding=\"async\" class=\"alignnone size-full wp-image-3345\" src=\"https:\/\/www.immerdrauf-online.de\/wp-content\/uploads\/2016\/10\/DSC03927-LR-1500.jpg\" alt=\"dsc03927-lr-1500\" width=\"1500\" height=\"1000\" srcset=\"https:\/\/www.immerdrauf-online.de\/wp-content\/uploads\/2016\/10\/DSC03927-LR-1500.jpg 1500w, https:\/\/www.immerdrauf-online.de\/wp-content\/uploads\/2016\/10\/DSC03927-LR-1500-300x200.jpg 300w, https:\/\/www.immerdrauf-online.de\/wp-content\/uploads\/2016\/10\/DSC03927-LR-1500-904x603.jpg 904w, https:\/\/www.immerdrauf-online.de\/wp-content\/uploads\/2016\/10\/DSC03927-LR-1500-272x182.jpg 272w\" sizes=\"auto, (max-width: 1500px) 100vw, 1500px\" \/><\/a><\/p>\n<p><span style=\"color: #ffffff;\">.<\/span><br \/>\n<span style=\"color: #ffffff;\">.<\/span><\/p>\n<p><a href=\"https:\/\/www.immerdrauf-online.de\/wp-content\/uploads\/2016\/10\/DSC03931-LR-1500.jpg\"><img loading=\"lazy\" decoding=\"async\" class=\"alignnone size-full wp-image-3344\" src=\"https:\/\/www.immerdrauf-online.de\/wp-content\/uploads\/2016\/10\/DSC03931-LR-1500.jpg\" alt=\"dsc03931-lr-1500\" width=\"1500\" height=\"1000\" srcset=\"https:\/\/www.immerdrauf-online.de\/wp-content\/uploads\/2016\/10\/DSC03931-LR-1500.jpg 1500w, https:\/\/www.immerdrauf-online.de\/wp-content\/uploads\/2016\/10\/DSC03931-LR-1500-300x200.jpg 300w, https:\/\/www.immerdrauf-online.de\/wp-content\/uploads\/2016\/10\/DSC03931-LR-1500-904x603.jpg 904w, https:\/\/www.immerdrauf-online.de\/wp-content\/uploads\/2016\/10\/DSC03931-LR-1500-272x182.jpg 272w\" sizes=\"auto, (max-width: 1500px) 100vw, 1500px\" \/><\/a><br \/>\nKranichgruppe, J\u00fcrgen von Woyski 1966<\/p>\n<p>&nbsp;<\/p>\n<p style=\"text-align: center;\"><a href=\"#top\">Zum Seitenanfang<\/a><\/p>\n","protected":false},"excerpt":{"rendered":"<p>Der Rosengarten, ist im Sommer, w\u00e4hrend der Rosenbl\u00fcte, sehr sehenswert und immer gut besucht. Im Herbst aber, wenn das Laub sich sch\u00f6n bunt f\u00e4rbt und die einst pr\u00e4chtigen Rosen verwelken,&hellip; <\/p>\n","protected":false},"author":1,"featured_media":0,"parent":0,"menu_order":0,"comment_status":"closed","ping_status":"closed","template":"","meta":{"footnotes":""},"class_list":["post-3187","page","type-page","status-publish","hentry"],"_links":{"self":[{"href":"https:\/\/www.immerdrauf-online.de\/index.php?rest_route=\/wp\/v2\/pages\/3187","targetHints":{"allow":["GET"]}}],"collection":[{"href":"https:\/\/www.immerdrauf-online.de\/index.php?rest_route=\/wp\/v2\/pages"}],"about":[{"href":"https:\/\/www.immerdrauf-online.de\/index.php?rest_route=\/wp\/v2\/types\/page"}],"author":[{"embeddable":true,"href":"https:\/\/www.immerdrauf-online.de\/index.php?rest_route=\/wp\/v2\/users\/1"}],"replies":[{"embeddable":true,"href":"https:\/\/www.immerdrauf-online.de\/index.php?rest_route=%2Fwp%2Fv2%2Fcomments&post=3187"}],"version-history":[{"count":26,"href":"https:\/\/www.immerdrauf-online.de\/index.php?rest_route=\/wp\/v2\/pages\/3187\/revisions"}],"predecessor-version":[{"id":4265,"href":"https:\/\/www.immerdrauf-online.de\/index.php?rest_route=\/wp\/v2\/pages\/3187\/revisions\/4265"}],"wp:attachment":[{"href":"https:\/\/www.immerdrauf-online.de\/index.php?rest_route=%2Fwp%2Fv2%2Fmedia&parent=3187"}],"curies":[{"name":"wp","href":"https:\/\/api.w.org\/{rel}","templated":true}]}}